{"id":227,"date":"2023-03-29T15:54:23","date_gmt":"2023-03-29T18:54:23","guid":{"rendered":"http:\/\/hub.aptor.software\/sbte_site\/?page_id=227"},"modified":"2026-03-27T14:50:56","modified_gmt":"2026-03-27T17:50:56","slug":"destaque-do-ano","status":"publish","type":"page","link":"https:\/\/www.sbte.org.br\/en\/premiacoes\/destaque-do-ano\/","title":{"rendered":"Highlight of the Year"},"content":{"rendered":"<p class=\"qtranxs-available-languages-message qtranxs-available-languages-message-en\"><\/p><p>De 2 em 2 anos, de modo intercalado, durante a reuni\u00e3o anual, a SBTE concede tr\u00eas pr\u00eamios a profissionais de destaque na \u00e1rea da reprodu\u00e7\u00e3o animal. O <strong>Pr\u00eamio Assis Roberto de Bem<\/strong> \u00e9 concedido aqueles que atual na \u00e1rea cient\u00edfica, enquanto o <strong>Pr\u00eamio Roberto Jorge Chebel<\/strong> \u00e9 concedido ao profissional de campo com destaque na \u00e1rea aplicada e o <strong>Pr\u00eamio Ot\u00e1vio Mitio Ohashi<\/strong> \u00e9 concedido ao profissional com a carreira destaque de jovem cientista na reprodu\u00e7\u00e3o animal.<\/p>\n<table class=\"table table-striped\" style=\"width: 100%;\">\n<thead>\n<tr>\n<td style=\"vertical-align: middle;\"><strong>Ano<\/strong><\/td>\n<td style=\"vertical-align: middle;\"><strong>Pr\u00eamio Assis Roberto De Bem<\/strong><\/td>\n<td style=\"vertical-align: middle;\"><strong>Pr\u00eamio Roberto Jorge Chebel<\/strong><\/td>\n<td style=\"vertical-align: middle;\"><strong>Pr\u00eamio Ot\u00e1vio Mitio Ohashi<\/strong><\/td>\n<\/tr>\n<\/thead>\n<tbody>\n<tr>\n<td style=\"vertical-align: middle;\">1993<\/td>\n<td style=\"vertical-align: middle;\">Jose Luiz Rodrigues<\/td>\n<td style=\"vertical-align: middle;\">Roberto Jorge Chebel<\/td>\n<td style=\"vertical-align: middle;\"><\/td>\n<\/tr>\n<tr>\n<td style=\"vertical-align: middle;\">1994<\/td>\n<td style=\"vertical-align: middle;\">Enoch Borges de Oliveira<\/td>\n<td style=\"vertical-align: middle;\">Dr. Carlos Fernando Martins Rodrigues<\/td>\n<td style=\"vertical-align: middle;\"><\/td>\n<\/tr>\n<tr>\n<td style=\"vertical-align: middle;\">1995<\/td>\n<td style=\"vertical-align: middle;\">Jos\u00e9 Ant\u00f4nio Visintin<\/td>\n<td style=\"vertical-align: middle;\">Jorge Nicolau<\/td>\n<td style=\"vertical-align: middle;\"><\/td>\n<\/tr>\n<tr>\n<td style=\"vertical-align: middle;\">1996<\/td>\n<td style=\"vertical-align: middle;\">Rodolfo Rumpf<\/td>\n<td style=\"vertical-align: middle;\">Carlos Zanenga<\/td>\n<td style=\"vertical-align: middle;\"><\/td>\n<\/tr>\n<tr>\n<td style=\"vertical-align: middle;\">1997<\/td>\n<td style=\"vertical-align: middle;\">Jos\u00e9 Ricardo de Figueiredo<\/td>\n<td style=\"vertical-align: middle;\">\u00c1lvaro Leme<\/td>\n<td style=\"vertical-align: middle;\"><\/td>\n<\/tr>\n<tr>\n<td style=\"vertical-align: middle;\">1998<\/td>\n<td style=\"vertical-align: middle;\">Joaquim Mansano Garcia<\/td>\n<td style=\"vertical-align: middle;\"><\/td>\n<td style=\"vertical-align: middle;\"><\/td>\n<\/tr>\n<tr>\n<td style=\"vertical-align: middle;\">1999<\/td>\n<td style=\"vertical-align: middle;\">Paulo Bayard Dias Goncalves<\/td>\n<td style=\"vertical-align: middle;\">Jos\u00e9 Renato Chiari<\/td>\n<td style=\"vertical-align: middle;\"><\/td>\n<\/tr>\n<tr>\n<td style=\"vertical-align: middle;\">2000<\/td>\n<td style=\"vertical-align: middle;\">Maur\u00edcio Peixer<\/td>\n<td style=\"vertical-align: middle;\">Andr\u00e9 Dayan<\/td>\n<td style=\"vertical-align: middle;\"><\/td>\n<\/tr>\n<tr>\n<td style=\"vertical-align: middle;\">2001<\/td>\n<td style=\"vertical-align: middle;\">Pietro Sampaio Baruselli<\/td>\n<td style=\"vertical-align: middle;\">Jo\u00e3o Fleuri<\/td>\n<td style=\"vertical-align: middle;\"><\/td>\n<\/tr>\n<tr>\n<td style=\"vertical-align: middle;\">2002<\/td>\n<td style=\"vertical-align: middle;\" colspan=\"3\">IETS no Brasil (N\u00e3o foi realizada SBTE)<\/td>\n<\/tr>\n<tr>\n<td style=\"vertical-align: middle;\">2003<\/td>\n<td style=\"vertical-align: middle;\">Ciro Moraes Barros<\/td>\n<td style=\"vertical-align: middle;\">Joaquim Correa de Oliveira Andrade<\/td>\n<td style=\"vertical-align: middle;\"><\/td>\n<\/tr>\n<tr>\n<td style=\"vertical-align: middle;\">2004<\/td>\n<td style=\"vertical-align: middle;\">Fl\u00e1vio Vieira Meirelles<\/td>\n<td style=\"vertical-align: middle;\">Ana Lucia Martins Bonotto<\/td>\n<td style=\"vertical-align: middle;\"><\/td>\n<\/tr>\n<tr>\n<td style=\"vertical-align: middle;\">2005<\/td>\n<td style=\"vertical-align: middle;\">Margot Alves Nunes Dode<\/td>\n<td style=\"vertical-align: middle;\">Ivo Pivato<\/td>\n<td style=\"vertical-align: middle;\"><\/td>\n<\/tr>\n<tr>\n<td style=\"vertical-align: middle;\">2006<\/td>\n<td style=\"vertical-align: middle;\">Jos\u00e9 Buratini Junior<\/td>\n<td style=\"vertical-align: middle;\">Luiz Fernando Tonissi Nasser<\/td>\n<td style=\"vertical-align: middle;\"><\/td>\n<\/tr>\n<tr>\n<td style=\"vertical-align: middle;\">2007<\/td>\n<td style=\"vertical-align: middle;\">Fernanda da Cruz Landim e Alvarenga<\/td>\n<td style=\"vertical-align: middle;\">Carlos Ant\u00f4nio de Carvalho Fernandes<a name=\"_GoBack\"><\/a><\/td>\n<td style=\"vertical-align: middle;\"><\/td>\n<\/tr>\n<tr>\n<td style=\"vertical-align: middle;\">2008<\/td>\n<td style=\"vertical-align: middle;\">Ot\u00e1vio Mitio Ohashi<\/td>\n<td style=\"vertical-align: middle;\">Marcelo F\u00e1bio Gouveia Nogueira<\/td>\n<td style=\"vertical-align: middle;\"><\/td>\n<\/tr>\n<tr>\n<td style=\"vertical-align: middle;\">2009<\/td>\n<td style=\"vertical-align: middle;\" colspan=\"3\">IETS na Argentina (N\u00e3o foi realizada SBTE)<\/td>\n<\/tr>\n<tr>\n<td style=\"vertical-align: middle;\">2010<\/td>\n<td style=\"vertical-align: middle;\">Jos\u00e9 Fernando Garcia<\/td>\n<td style=\"vertical-align: middle;\">S\u00f4nia Maria Nogueira Gaspar Paggiaro<\/td>\n<td style=\"vertical-align: middle;\"><\/td>\n<\/tr>\n<tr>\n<td style=\"vertical-align: middle;\">2011<\/td>\n<td style=\"vertical-align: middle;\">Roberto Sartori<\/td>\n<td style=\"vertical-align: middle;\">Carlos ALberto Rodrigues<\/td>\n<td style=\"vertical-align: middle;\"><\/td>\n<\/tr>\n<tr>\n<td style=\"vertical-align: middle;\">2012<\/td>\n<td style=\"vertical-align: middle;\">Marcelo Marcondes Seneda<\/td>\n<td style=\"vertical-align: middle;\">Yeda Fumie Watanabe<\/td>\n<td style=\"vertical-align: middle;\"><\/td>\n<\/tr>\n<tr>\n<td style=\"vertical-align: middle;\">2013<\/td>\n<td style=\"vertical-align: middle;\">Jos\u00e9 Luiz Moraes Vasconcelos<\/td>\n<td style=\"vertical-align: middle;\">Jos\u00e9 Henrique F. Pontes<\/td>\n<td style=\"vertical-align: middle;\"><\/td>\n<\/tr>\n<tr>\n<td style=\"vertical-align: middle;\">2014<\/td>\n<td style=\"vertical-align: middle;\">Mario Binelli<\/td>\n<td style=\"vertical-align: middle;\">J\u00falio C\u00e9sar Barboza da Silva<\/td>\n<td style=\"vertical-align: middle;\"><\/td>\n<\/tr>\n<tr>\n<td style=\"vertical-align: middle;\">2015<\/td>\n<td style=\"vertical-align: middle;\">Gabriel B\u00f3<\/td>\n<td style=\"vertical-align: middle;\">Jos\u00e9 Abdo de Andrade Hell\u00fa<\/td>\n<td style=\"vertical-align: middle;\"><\/td>\n<\/tr>\n<tr>\n<td style=\"vertical-align: middle;\">2016<\/td>\n<td style=\"vertical-align: middle;\">Guilherme de Paula Nogueira<\/td>\n<td style=\"vertical-align: middle;\">Edmundo Rocha Vilela<\/td>\n<td style=\"vertical-align: middle;\"><\/td>\n<\/tr>\n<tr>\n<td style=\"vertical-align: middle;\">2017<\/td>\n<td style=\"vertical-align: middle;\">Felipe Perecin<\/td>\n<td style=\"vertical-align: middle;\">Bruno Valente Sanches<\/td>\n<td style=\"vertical-align: middle;\"><\/td>\n<\/tr>\n<tr>\n<td style=\"vertical-align: middle;\">2018<\/td>\n<td style=\"vertical-align: middle;\">Vilceu Bordignon<\/td>\n<td style=\"vertical-align: middle;\">Manoel S\u00e1 Filho<\/td>\n<td style=\"vertical-align: middle;\"><\/td>\n<\/tr>\n<tr>\n<td style=\"vertical-align: middle;\">2019<\/td>\n<td style=\"vertical-align: middle;\">Milo Wiltbank<\/td>\n<td style=\"vertical-align: middle;\">M\u00e1rcio de Oliveira Marques<\/td>\n<td style=\"vertical-align: middle;\"><\/td>\n<\/tr>\n<tr>\n<td style=\"vertical-align: middle;\">2020<\/td>\n<td style=\"vertical-align: middle;\">Marcella Pecora Milazzotto<\/td>\n<td style=\"vertical-align: middle;\">Pedro Paulo Gusm\u00e3o<\/td>\n<td style=\"vertical-align: middle;\"><\/td>\n<\/tr>\n<tr>\n<td style=\"vertical-align: middle;\">2021<\/td>\n<td style=\"vertical-align: middle;\" colspan=\"3\">N\u00c3O TEVE COMPETI\u00c7\u00c3O (PANDEMIA)<\/td>\n<\/tr>\n<tr>\n<td style=\"vertical-align: middle;\">2022<\/td>\n<td style=\"vertical-align: middle;\">Fab\u00edola Freitas de Paula-Lopes<\/td>\n<td style=\"vertical-align: middle;\">Reuel Luiz Gon\u00e7alves<\/td>\n<td style=\"vertical-align: middle;\"><\/td>\n<\/tr>\n<tr>\n<td style=\"vertical-align: middle;\">2023<\/td>\n<td style=\"vertical-align: middle;\"><\/td>\n<td style=\"vertical-align: middle;\">Dr. Luiz Carlos Louzada<\/td>\n<td style=\"vertical-align: middle;\">Joanna Maria Gon\u00e7alves de Souza Fabjan<\/td>\n<\/tr>\n<tr>\n<td style=\"vertical-align: middle;\">2024<\/td>\n<td style=\"vertical-align: middle;\">Fabiana Fernandes Bressan<\/td>\n<td style=\"vertical-align: middle;\"><\/td>\n<td style=\"vertical-align: middle;\"><\/td>\n<\/tr>\n<tr>\n<td style=\"vertical-align: middle;\">2025<\/td>\n<td style=\"vertical-align: middle;\"><\/td>\n<td style=\"vertical-align: middle;\">Dr. Gustavo Martins Gomes dos Santos<\/td>\n<td style=\"vertical-align: middle;\">Prof. Dr. Jos\u00e9 Felipe Warmling Spricigo<\/td>\n<\/tr>\n<\/tbody>\n<\/table>\n<p>&nbsp;<\/p>","protected":false},"excerpt":{"rendered":"<p>De 2 em 2 anos, de modo intercalado, durante a reuni\u00e3o anual, a SBTE concede tr\u00eas pr\u00eamios a profissionais de destaque na \u00e1rea da reprodu\u00e7\u00e3o animal. O Pr\u00eamio Assis Roberto de Bem \u00e9 concedido aqueles que atual na \u00e1rea cient\u00edfica, enquanto o Pr\u00eamio Roberto Jorge Chebel \u00e9 concedido ao profissional de campo com destaque na \u00e1rea aplicada e o Pr\u00eamio Ot\u00e1vio Mitio Ohashi \u00e9 concedido ao profissional com a carreira [&hellip;]<\/p>\n","protected":false},"author":1,"featured_media":0,"parent":224,"menu_order":1,"comment_status":"closed","ping_status":"closed","template":"general_template.php","meta":{"footnotes":""},"class_list":["post-227","page","type-page","status-publish","hentry"],"acf":[],"_links":{"self":[{"href":"https:\/\/www.sbte.org.br\/en\/wp-json\/wp\/v2\/pages\/227","targetHints":{"allow":["GET"]}}],"collection":[{"href":"https:\/\/www.sbte.org.br\/en\/wp-json\/wp\/v2\/pages"}],"about":[{"href":"https:\/\/www.sbte.org.br\/en\/wp-json\/wp\/v2\/types\/page"}],"author":[{"embeddable":true,"href":"https:\/\/www.sbte.org.br\/en\/wp-json\/wp\/v2\/users\/1"}],"replies":[{"embeddable":true,"href":"https:\/\/www.sbte.org.br\/en\/wp-json\/wp\/v2\/comments?post=227"}],"version-history":[{"count":10,"href":"https:\/\/www.sbte.org.br\/en\/wp-json\/wp\/v2\/pages\/227\/revisions"}],"predecessor-version":[{"id":701,"href":"https:\/\/www.sbte.org.br\/en\/wp-json\/wp\/v2\/pages\/227\/revisions\/701"}],"up":[{"embeddable":true,"href":"https:\/\/www.sbte.org.br\/en\/wp-json\/wp\/v2\/pages\/224"}],"wp:attachment":[{"href":"https:\/\/www.sbte.org.br\/en\/wp-json\/wp\/v2\/media?parent=227"}],"curies":[{"name":"wp","href":"https:\/\/api.w.org\/{rel}","templated":true}]}}