{"id":230,"date":"2023-03-29T15:55:17","date_gmt":"2023-03-29T18:55:17","guid":{"rendered":"http:\/\/hub.aptor.software\/sbte_site\/?page_id=230"},"modified":"2026-03-27T14:58:11","modified_gmt":"2026-03-27T17:58:11","slug":"competicao-de-estudantes","status":"publish","type":"page","link":"https:\/\/www.sbte.org.br\/en\/premiacoes\/competicao-de-estudantes\/","title":{"rendered":"Student competition"},"content":{"rendered":"<p class=\"qtranxs-available-languages-message qtranxs-available-languages-message-en\"><\/p><p>    Estudantes de gradua\u00e7\u00e3o e p\u00f3s-gradua\u00e7\u00e3o podem participar da Competi\u00e7\u00e3o de Estudantes da SBTE. Ap\u00f3s uma pr\u00e9-sele\u00e7\u00e3o de resumos inscritos, durante a reuni\u00e3o anual os estudantes finalistas s\u00e3o julgados pela qualidade de seus trabalhos e apresenta\u00e7\u00f5es. Estudantes vencedores de competi\u00e7\u00f5es anteriores n\u00e3o s\u00e3o eleg\u00edveis em participar da competi\u00e7\u00e3o uma segunda vez. Desde 2004, os agraciados foram:<\/p>\n<table class=\"table table-striped\" style=\"width: 100%;\">\n<thead>\n<tr>\n<td style=\"text-align: left; vertical-align: middle;\"><strong>Ano<\/strong><\/td>\n<td style=\"text-align: left; vertical-align: middle;\"><strong>Premiado<\/strong><\/td>\n<td style=\"text-align: left; vertical-align: middle;\"><strong>Trabalho<\/strong><\/td>\n<\/tr>\n<\/thead>\n<tbody>\n<tr>\n<td style=\"text-align: left; vertical-align: middle;\">\n<div>2003<\/div>\n<\/td>\n<td style=\"text-align: left; vertical-align: middle;\">Walt Yamazaki<\/td>\n<td style=\"text-align: left; vertical-align: middle;\">\n<div>Uso do Estr\u00f4ncio e de c\u00e9lulas isoladas de tecidos congelados de um animal morto na clonagem de bovinos.<\/div>\n<\/td>\n<\/tr>\n<tr>\n<td style=\"text-align: left; vertical-align: middle;\">\n<div>2004<\/div>\n<\/td>\n<td style=\"text-align: left; vertical-align: middle;\">Carlos Frederico Martins<\/td>\n<td style=\"text-align: left; vertical-align: middle;\">\n<div>Produ\u00e7\u00e3o de embri\u00f5es bovinos por inje\u00e7\u00e3o intracitoplasm\u00e1tica de espermatoz\u00f3ide liofilizado. Resultados preliminares.<\/div>\n<\/td>\n<\/tr>\n<tr>\n<td style=\"text-align: left; vertical-align: middle;\">\n<div>2005<\/div>\n<\/td>\n<td style=\"text-align: left; vertical-align: middle;\">Christina Ramires Ferreira<\/td>\n<td style=\"text-align: left; vertical-align: middle;\">\n<div>A t\u00e9cnica de transfer\u00eancia citoplasm\u00e1tica afeta o desenvolvimento embrion\u00e1rio e a gesta\u00e7\u00e3o a termo em bovinos?<\/div>\n<\/td>\n<\/tr>\n<tr>\n<td style=\"text-align: left; vertical-align: middle;\">\n<div>2006<\/div>\n<\/td>\n<td style=\"text-align: left; vertical-align: middle;\">Marcella Pecora Milazzotto<\/td>\n<td style=\"text-align: left; vertical-align: middle;\">Uso de vetor lentiviral carreando shRNA para knockdown do gene da miostatina na produ\u00e7\u00e3o\u00a0<em>in vitro<\/em>\u00a0de embri\u00f5es bovinos<\/td>\n<\/tr>\n<tr>\n<td style=\"text-align: left; vertical-align: middle;\">\n<div>2007<\/div>\n<\/td>\n<td style=\"text-align: left; vertical-align: middle;\">Federico Pereyra-Bonnet<\/td>\n<td style=\"text-align: left; vertical-align: middle;\">Transgenesis mediada por ICSI en ovinos, porcinos, bovinos, felinos y equinos<\/td>\n<\/tr>\n<tr>\n<td style=\"text-align: left; vertical-align: middle;\">\n<div>2008<\/div>\n<\/td>\n<td style=\"text-align: left; vertical-align: middle;\">Marcos Roberto Chiaratti<\/td>\n<td style=\"text-align: left; vertical-align: middle;\">Correla\u00e7\u00e3o positiva entre a quantidade de DNA mitocondrial no zigoto e seu potencial de desenvolvimento a blastocisto<\/td>\n<\/tr>\n<tr>\n<td style=\"text-align: left; vertical-align: middle;\">2009<\/td>\n<td style=\"text-align: left; vertical-align: middle;\" colspan=\"2\">IETS na Argentina (N\u00e3o foi realizada SBTE)<\/td>\n<\/tr>\n<tr>\n<td style=\"text-align: left; vertical-align: middle;\" rowspan=\"2\">2010<\/td>\n<td style=\"text-align: left; vertical-align: middle;\">Alexsandra Fernandes Pereira<\/td>\n<td style=\"text-align: left; vertical-align: middle;\">Avalia\u00e7\u00e3o de danos de DNA por detec\u00e7\u00e3o da\u00a0gama\u00a0H2A.X em embri\u00f5es bovinos precoces produzidos por fertiliza\u00e7\u00e3o\u00a0<em>in vitro<\/em>\u00a0(FIV), partenog\u00eanese e transfer\u00eancia nuclear de c\u00e9lulas som\u00e1ticas (TNCS)<\/td>\n<\/tr>\n<tr>\n<td style=\"text-align: left; vertical-align: middle;\">Romina Jimena Bevacqua<\/td>\n<td style=\"text-align: left; vertical-align: middle;\">Produ\u00e7\u00e3o e parti\u00e7\u00e3o de embri\u00f5es transg\u00eanicos derivados de fertiliza\u00e7\u00e3o\u00a0<em>in vitro<\/em><\/td>\n<\/tr>\n<tr>\n<td style=\"text-align: left; vertical-align: middle;\">2011<\/td>\n<td style=\"text-align: left; vertical-align: middle;\">Jose de Oliveira Carvalho<\/td>\n<td style=\"text-align: left; vertical-align: middle;\">Sexagem por citometria de fluxo n\u00e3o afeta o padr\u00e3o de metila\u00e7\u00e3o dos genes igf2 e igf2r de espermatozoide bovino<\/td>\n<\/tr>\n<tr>\n<td style=\"text-align: left; vertical-align: middle;\">2012<\/td>\n<td style=\"text-align: left; vertical-align: middle;\">Mateus Jos\u00e9 Sudano<\/td>\n<td style=\"text-align: left; vertical-align: middle;\">Criotoler\u00e2ncia de embri\u00f5es\u00a0<em>Bos taurus<\/em>\u00a0produzidos\u00a0<em>in vitro<\/em>\u00a0e\u00a0<em>in vivo<\/em><\/td>\n<\/tr>\n<tr>\n<td style=\"text-align: left; vertical-align: middle;\">2013<\/td>\n<td style=\"text-align: left; vertical-align: middle;\">Maite Del Collado<\/td>\n<td style=\"text-align: left; vertical-align: middle;\">Influ\u00eancia da suplementa\u00e7\u00e3o com bsa e\/ou sfb durante a miv sobre o comportamento de gotas lip\u00eddicas e mitoc\u00f4ndrias oocit\u00e1rias e o ac\u00famulo lip\u00eddico embrion\u00e1rio em bovinos<\/td>\n<\/tr>\n<tr>\n<td style=\"text-align: left; vertical-align: middle;\" rowspan=\"2\">2014<\/td>\n<td style=\"text-align: left; vertical-align: middle;\">Angela Maria Gonella-Diaza (SBTE Ci\u00eancia)<\/td>\n<td style=\"text-align: left; vertical-align: middle;\">A manipula\u00e7\u00e3o do perfil peri-ovulat\u00f3rio de ester\u00f3ides sexuais afeta a express\u00e3o g\u00eanica do oviduto em vacas Nelore<\/td>\n<\/tr>\n<tr>\n<td style=\"text-align: left; vertical-align: middle;\">Marcos Henrique Colombo Pereira (SBTE tecnologia)<\/td>\n<td style=\"text-align: left; vertical-align: middle;\">Express\u00e3o de estro aumenta a fertilidade e reduz perdas de gesta\u00e7\u00e3o em protocolos de IATF e TETF<\/td>\n<\/tr>\n<tr>\n<td style=\"text-align: left; vertical-align: middle;\" rowspan=\"2\">2015<\/td>\n<td style=\"text-align: left; vertical-align: middle;\">Emiliana Oliveira Santana Batista (SBTE Ci\u00eancia)<\/td>\n<td style=\"text-align: left; vertical-align: middle;\">Impacto do grupo gen\u00e9tico (<em>B. indicus<\/em>\u00a0vs.\u00a0<em>B. taurus<\/em>) e da ingest\u00e3o de mat\u00e9ria seca (alta vs. Baixa) sobre a express\u00e3o g\u00eanica de enzimas hep\u00e1ticas relacionadas ao metabolismo de progesterona<\/td>\n<\/tr>\n<tr>\n<td style=\"text-align: left; vertical-align: middle;\">Adnan Darin Pereira Rodrigues (SBTE Tecnologia)<\/td>\n<td style=\"text-align: left; vertical-align: middle;\">Desempenho reprodutivo em novilhas\u00a0<em>Bos indicus<\/em>\u00a0e\u00a0<em>Bos taurus<\/em>\u00a0x\u00a0<em>Bos indicus<\/em>. Efeito da eCG e n\u00edvel de P4 em protocolos de IATF<\/td>\n<\/tr>\n<tr>\n<td style=\"text-align: left; vertical-align: middle;\" rowspan=\"2\">2016<\/td>\n<td style=\"text-align: left; vertical-align: middle;\">Thiago Sim\u00f5es Machado (SBTE ci\u00eancia)<\/td>\n<td style=\"text-align: left; vertical-align: middle;\">Mitofusina 1 \u00e9 essencial para a fertilidade oocit\u00e1ria, enquanto que a mitofusina 2 \u00e9 necess\u00e1ria para a elimina\u00e7\u00e3o de dna mitocondrial mutante em o\u00f3citos de camundongos<\/td>\n<\/tr>\n<tr>\n<td style=\"text-align: left; vertical-align: middle;\">Rog\u00e9rio Fonseca Guimar\u00e3es Peres (SBTE tecnologia)<\/td>\n<td style=\"text-align: left; vertical-align: middle;\">Efeito da suplementa\u00e7\u00e3o \u00e0 base de milho por 41 dias durante o in\u00edcio do protocolo de IATF no perfil metab\u00f3lico e desempenho reprodutivo de f\u00eameas nelore.<\/td>\n<\/tr>\n<tr>\n<td style=\"text-align: left; vertical-align: middle;\" rowspan=\"2\">2017<\/td>\n<td style=\"text-align: left; vertical-align: middle;\">Alinne Gloria Curcio (SBTE Ci\u00eancia)<\/td>\n<td style=\"text-align: left; vertical-align: middle;\">Glycogen synthase kinase-3 (GSK-3) inhibition during bovine oocyte in vitro maturation negatively affects embryo in vitro production<\/td>\n<\/tr>\n<tr>\n<td style=\"text-align: left; vertical-align: middle;\">Francisco Rebolo Lopes Jr (SBTE tecnologia)<\/td>\n<td style=\"text-align: left; vertical-align: middle;\">Addition of a second dose of prostagladin F2alpha to a timed AI protocol influences pre-ovulatory follicle and pregnancy per AI in anovular dairy cows<\/td>\n<\/tr>\n<tr>\n<td style=\"text-align: left; vertical-align: middle;\" colspan=\"1\" rowspan=\"2\">2018<\/td>\n<td style=\"text-align: left; vertical-align: middle;\"><span style=\"font-size: 11.0pt;\">Ma\u00edra Bianchi Rodrigues Alves <\/span>(SBTE Ci\u00eancia)<\/td>\n<td style=\"text-align: left; vertical-align: middle;\"><span style=\"font-size: 11.0pt;\">miR216b abundance level is different between embryos produced from high and low fertility bulls<\/span><\/td>\n<\/tr>\n<tr>\n<td style=\"text-align: left; vertical-align: middle;\">\n<p style=\"margin-left: 0cm; margin-right: 0cm;\"><span style=\"font-size: 11pt;\">Amanda Prud\u00eancio Lemes <\/span>(SBTE tecnologia)<\/p>\n<\/td>\n<td style=\"text-align: left; vertical-align: middle;\"><span style=\"font-size: 11.0pt;\">Perfil metab\u00f3lico e produ\u00e7\u00e3o <em>in vitro <\/em>de embri\u00f5es de vacas prim\u00edparas da ra\u00e7a canchim manejadas em \u00e1reas de pastejo intensivo ou silvipastoril<\/span><\/td>\n<\/tr>\n<tr>\n<td style=\"vertical-align: middle;\" colspan=\"1\" rowspan=\"2\">2019<\/td>\n<td style=\"vertical-align: middle;\"><span style=\"font-size: 11.0pt;\">J\u00e9ssica Nora Drum\u00a0<\/span>(SBTE Ci\u00eancia)<\/td>\n<td style=\"vertical-align: middle;\"><span style=\"font-size: 11.0pt;\">Endometrial expression of oxytocin receptor, and interferon-stimulated gene 15, and circulating PGFM after oxytocin challenge differ between AI and IVP derived pregnancies on days 18 and 32<\/span><\/td>\n<\/tr>\n<tr>\n<td style=\"vertical-align: middle;\"><span style=\"font-size: 11pt;\">Guilherme Machado Zanatta\u00a0<\/span>(SBTE tecnologia)<\/td>\n<td style=\"vertical-align: middle;\"><span style=\"font-size: 14.666666984558105px;\">High fertility bulls have higher efficiency on TAI and SOV, but not on IVEP<\/span><\/td>\n<\/tr>\n<tr>\n<td style=\"vertical-align: middle;\" colspan=\"1\" rowspan=\"2\">2020<\/td>\n<td style=\"vertical-align: middle;\"><span style=\"font-size: 11.0pt;\">Alessandra Bridi\u00a0<\/span>(SBTE Ci\u00eancia)<\/td>\n<td style=\"vertical-align: middle;\"><span style=\"font-size: 14.6667px;\">In vivo and in vitro-produced bovine blastocysts secrete small extracellular vesicles with different miRNAs content<\/span><\/td>\n<\/tr>\n<tr>\n<td style=\"vertical-align: middle;\"><span style=\"font-size: 11pt;\">Lucas Oliveira da Silva\u00a0<\/span>(SBTE tecnologia)<\/td>\n<td style=\"vertical-align: middle;\"><span style=\"font-size: 14px;\">Influence of the analogue and dose of GNRH on the LH release and ovolatory response in Bos indicus heifers and cows with high circulating progesterone <\/span><\/td>\n<\/tr>\n<tr>\n<td style=\"vertical-align: middle;\" colspan=\"1\">2021<\/td>\n<td style=\"vertical-align: middle;\" colspan=\"2\"><span style=\"font-size: 11.0pt;\">N\u00c3O TEVE COMPETI\u00c7\u00c3O (PANDEMIA)<\/span><\/td>\n<\/tr>\n<tr>\n<td style=\"vertical-align: middle;\" colspan=\"1\" rowspan=\"2\">2022<\/td>\n<td style=\"vertical-align: middle;\"><span style=\"font-size: 11.0pt;\">Isabella Rio Feltrin (SBTE Ci\u00eancia)<\/span><\/td>\n<td style=\"vertical-align: middle;\"><span style=\"font-size: 14.6667px;\">Comparative response to bovine conceptus and accuracy as early pregnancy predictors of interferon-tau stimulated genes, and cytokines in immune cells<\/span><\/td>\n<\/tr>\n<tr>\n<td style=\"vertical-align: middle;\"><span style=\"font-size: 11pt;\">Bruna Chechin Catussi (SBTE Tecnologia)<\/span><\/td>\n<td style=\"vertical-align: middle;\"><span style=\"font-size: 14px;\">Metabolic imprinting in Nelore calves (Bos indicus) treated with creep-feeding during pre-weaning: impacts on performance, reproductive efficiency and metabolome profile<\/span><\/td>\n<\/tr>\n<tr>\n<td style=\"vertical-align: middle;\" colspan=\"1\" rowspan=\"2\">2023<\/td>\n<td style=\"vertical-align: middle;\"><span style=\"font-size: 11.0pt;\">Mateus Priolo Grejo (SBTE Ci\u00eancia)<\/span><\/td>\n<td style=\"vertical-align: middle;\"><span style=\"font-size: 14.6667px;\">A defici\u00eancia de RAD51 aponta para a inexist\u00eancia no o\u00f3cito de mecanismo eficiente de combate a instabilidade gen\u00e9tica<\/span><\/td>\n<\/tr>\n<tr>\n<td style=\"vertical-align: middle;\"><span style=\"font-size: 11pt;\">La\u00eds \u00c2ngelo de Abreu (SBTE Tecnologia)<\/span><\/td>\n<td style=\"vertical-align: middle;\"><span style=\"font-size: 14px;\">Removal of estradiol treatments from synchronization protocols decrease endometrial thickness and circulating estradiol concentration in Bos indicus cows<\/span><\/td>\n<\/tr>\n<tr>\n<td style=\"vertical-align: middle;\" colspan=\"1\" rowspan=\"2\">2024<\/td>\n<td style=\"vertical-align: middle;\"><span style=\"font-size: 11.0pt;\">Larissa Ara\u00fajo St\u00e1bile<\/span><\/td>\n<td style=\"vertical-align: middle;\"><span style=\"font-size: 14.6667px;\">Aging: effects on s\u00eamen, embryo and fetus (SBTE Ci\u00eancias)<\/span><\/td>\n<\/tr>\n<tr>\n<td style=\"vertical-align: middle;\"><span style=\"font-size: 11pt;\">Ot\u00e1vio Augusto Costa de Faria<\/span><\/td>\n<td style=\"vertical-align: middle;\"><span style=\"font-size: 14px;\">Intrafollicular transfer of immature oocytes (IFOT) as an alternative for maturation of bovine oocytes (SBTE Tecnologia)<\/span><\/td>\n<\/tr>\n<tr>\n<td style=\"vertical-align: middle;\" colspan=\"1\" rowspan=\"2\">2025<\/td>\n<td style=\"vertical-align: middle;\"><span style=\"font-size: 11.0pt;\">Livia B. Lanza<\/span><\/td>\n<td style=\"vertical-align: middle;\"><span style=\"font-size: 14.6667px;\">Treatment with prostaglandin F2\u03b1 at the onset of an estradiol\/progesterone-based synchronization protocol in Nelore (Bos indicus) heifers inffuences reproductive outcomes<\/span><\/td>\n<\/tr>\n<tr>\n<td style=\"vertical-align: middle;\"><span style=\"font-size: 11.0pt;\">Livia Martino Duarte<\/span><\/td>\n<td style=\"vertical-align: middle;\"><span style=\"font-size: 14.6667px;\">Maintenance of the bovine corpus luteum of pregnancy after interferon-tau: Novel evidence for a role of Pregnancy-Associated Glycoproteins (PAGs)<\/span><\/td>\n<\/tr>\n<\/tbody>\n<\/table>\n<p><\/p>","protected":false},"excerpt":{"rendered":"<p>Estudantes de gradua\u00e7\u00e3o e p\u00f3s-gradua\u00e7\u00e3o podem participar da Competi\u00e7\u00e3o de Estudantes da SBTE. Ap\u00f3s uma pr\u00e9-sele\u00e7\u00e3o de resumos inscritos, durante a reuni\u00e3o anual os estudantes finalistas s\u00e3o julgados pela qualidade de seus trabalhos e apresenta\u00e7\u00f5es. Estudantes vencedores de competi\u00e7\u00f5es anteriores n\u00e3o s\u00e3o eleg\u00edveis em participar da competi\u00e7\u00e3o uma segunda vez. Desde 2004, os agraciados foram: Ano Premiado Trabalho 2003 Walt Yamazaki Uso do Estr\u00f4ncio e de c\u00e9lulas isoladas de tecidos [&hellip;]<\/p>\n","protected":false},"author":1,"featured_media":0,"parent":224,"menu_order":3,"comment_status":"closed","ping_status":"closed","template":"general_template.php","meta":{"footnotes":""},"class_list":["post-230","page","type-page","status-publish","hentry"],"acf":[],"_links":{"self":[{"href":"https:\/\/www.sbte.org.br\/en\/wp-json\/wp\/v2\/pages\/230","targetHints":{"allow":["GET"]}}],"collection":[{"href":"https:\/\/www.sbte.org.br\/en\/wp-json\/wp\/v2\/pages"}],"about":[{"href":"https:\/\/www.sbte.org.br\/en\/wp-json\/wp\/v2\/types\/page"}],"author":[{"embeddable":true,"href":"https:\/\/www.sbte.org.br\/en\/wp-json\/wp\/v2\/users\/1"}],"replies":[{"embeddable":true,"href":"https:\/\/www.sbte.org.br\/en\/wp-json\/wp\/v2\/comments?post=230"}],"version-history":[{"count":8,"href":"https:\/\/www.sbte.org.br\/en\/wp-json\/wp\/v2\/pages\/230\/revisions"}],"predecessor-version":[{"id":703,"href":"https:\/\/www.sbte.org.br\/en\/wp-json\/wp\/v2\/pages\/230\/revisions\/703"}],"up":[{"embeddable":true,"href":"https:\/\/www.sbte.org.br\/en\/wp-json\/wp\/v2\/pages\/224"}],"wp:attachment":[{"href":"https:\/\/www.sbte.org.br\/en\/wp-json\/wp\/v2\/media?parent=230"}],"curies":[{"name":"wp","href":"https:\/\/api.w.org\/{rel}","templated":true}]}}