{"id":234,"date":"2023-03-29T15:56:37","date_gmt":"2023-03-29T18:56:37","guid":{"rendered":"http:\/\/hub.aptor.software\/sbte_site\/?page_id=234"},"modified":"2026-03-27T15:02:48","modified_gmt":"2026-03-27T18:02:48","slug":"melhor-trabalho-area-aplicada","status":"publish","type":"page","link":"https:\/\/www.sbte.org.br\/en\/premiacoes\/melhor-trabalho-area-aplicada\/","title":{"rendered":"Best research study in applied science"},"content":{"rendered":"<p class=\"qtranxs-available-languages-message qtranxs-available-languages-message-en\"><\/p><p><\/p>\n<p>A inscri\u00e7\u00e3o para o melhor trabalho na &#8220;\u00c1rea B\u00e1sica&#8221;, &#8220;\u00c1rea Aplicada&#8221; e &#8220;Relato T\u00e9cnico&#8221; n\u00e3o est\u00e1 vinculada \u00e0 &#8220;Competi\u00e7\u00e3o de Estudantes&#8221;, podendo ser realizada por estudantes ou profissionais. A premia\u00e7\u00e3o na categoria &#8220;Melhor Relato T\u00e9cnico&#8221; (Relato de Caso) tem como objetivo prestigiar a compet\u00eancia, a casu\u00edstica e o poder de observa\u00e7\u00e3o dos colegas que atuam no campo, ou no laborat\u00f3rio fora das universidades ou institui\u00e7\u00f5es de pesquisa. Assim, os resumos inscritos nessa \u00faltima categoria n\u00e3o poder\u00e3o conter pesquisadores vinculados a universidades ou institui\u00e7\u00f5es de pesquisa na lista de autores. Para cada categoria somente uma premia\u00e7\u00e3o ser\u00e1 conferida.<\/p>\n<table class=\"table table-striped\" style=\"width:100%; vertical-align: middle;\">\n<thead>\n<tr>\n<td>\n<div><span ><span ><strong>Ano<\/strong><\/span><\/span><\/div>\n<\/td>\n<td>\n<div><span ><span ><strong>Agraciado<\/strong><\/span><\/span><\/div>\n<\/td>\n<td>\n<div><span ><span ><strong>Trabalho<\/strong><\/span><\/span><\/div>\n<\/td>\n<\/tr>\n<\/thead>\n<tbody>\n<tr>\n<td>\n<div><span ><span >2004<\/span><\/span><\/div>\n<\/td>\n<td><span ><span >Leonardo Luiz da Silveira<\/span><\/span><\/td>\n<td><span ><span >Avalia&ccedil;&atilde;o da biparti&ccedil;&atilde;o como alternativa para melhorar os &iacute;ndices de gesta&ccedil;&atilde;o na transfer&ecirc;ncia de embri&otilde;es eq&uuml;inos.<\/span><\/span><\/td>\n<\/tr>\n<tr>\n<td><span ><span >2005<\/span><\/span><\/td>\n<td colspan=\"2\">\n                <span ><span >Thiago Ant\u00f4nio de Souza Nascimento Silva<\/span>\n                <\/td>\n<td><\/td>\n<\/tr>\n<tr>\n<td>\n<div><span ><span >2006<\/span><\/span><\/div>\n<\/td>\n<td><span ><span >D. G. B. Dem&eacute;trio<\/span><\/span><\/td>\n<td><span ><span >Fatores que afetam a taxa de concep&ccedil;&atilde;o ap&oacute;s insemina&ccedil;&atilde;o artificial ou transfer&ecirc;ncia de embri&otilde;es em vacas holandesas em lacta&ccedil;&atilde;o.<\/span><\/span><\/td>\n<\/tr>\n<tr>\n<td>\n<div><span ><span >2007<\/span><\/span><\/div>\n<\/td>\n<td><span ><span >J. R. V. Pimentel<\/span><\/span><\/td>\n<td><span ><span >Emprego de matriz polim&eacute;rica biodegrad&aacute;vel, em dispositivos vaginais, para libera&ccedil;&atilde;o sustentada de progesterona em f&ecirc;meas bovinas: testes&nbsp;<em>in vitro<\/em>.<\/span><\/span><\/td>\n<\/tr>\n<tr>\n<td>\n<div><span ><span >2008<\/span><\/span><\/div>\n<\/td>\n<td><span ><span >Rog&eacute;rio Fonseca Guimar&atilde;es Peres<\/span><\/span><\/td>\n<td><span ><span >Concentra&ccedil;&atilde;o pr&eacute; e p&oacute;s-ovulat&oacute;ria de progesterona nas respostas a protocolo de IATF em f&ecirc;meas Nelore.<\/span><\/span><\/td>\n<\/tr>\n<tr>\n<td><span ><span >2009<\/span><\/span><\/td>\n<td colspan=\"2\"><span ><span >N&atilde;o aconteceu<\/span><\/span><\/td>\n<\/tr>\n<tr>\n<td>\n                <span ><span >2010<\/span>\n                <\/td>\n<td>\n                <span ><span >C&eacute;lia Regina da Silva Cardoso<\/span><\/span>\n                <\/td>\n<td>\n                <span ><span >Compara&ccedil;&atilde;o dos &iacute;ndices de gesta&ccedil;&atilde;o entre embri&otilde;es intactos e biopsados (sexados) a campo, considerando o est&aacute;gio e a a qualidade dos embri&otilde;es<\/span>\n                <\/td>\n<\/tr>\n<tr>\n<td><span ><span >2011<\/span><\/span><\/td>\n<td><span ><span >Priscila Reis Kahwage<\/span><\/span><\/td>\n<td>\n                <span ><span >Influ&ecirc;ncia do per&iacute;odo do ano na qualidade seminal de catetos (pecaritajacu) criados em cativeiro no estado do Par&aacute;<\/span>\n                <\/td>\n<\/tr>\n<tr>\n<td><span ><span >2012<\/span><\/span><\/td>\n<td>\n                <span ><span >Rog&eacute;rio Fonseca Guimar&atilde;es Peres<\/span>\n                <\/td>\n<td>\n                <span ><span >Efeito das concentra&ccedil;&otilde;es de progesterona, dura&ccedil;&atilde;o do proestro e di&acirc;metro folicular sobre a taxa de concep&ccedil;&atilde;o de novilhas nelore p&uacute;beres submetidas &agrave; IATF<\/span>\n                <\/td>\n<\/tr>\n<tr>\n<td>\n                <span ><span >2013<\/span>\n                <\/td>\n<td>\n                <span ><span >Jos&eacute; de Oliveira Carvalho<\/span>\n                <\/td>\n<td>\n                <span ><span >Sexagem por citometria de fluxo altera caracter&iacute;sticas relacionadas &agrave; viabilidade esperm&aacute;tica e compromete sua liga&ccedil;&atilde;o &agrave;s c&eacute;lulas da tuba uterina<\/span>\n                <\/td>\n<\/tr>\n<tr>\n<td><span ><span >2014<\/span><\/span><\/td>\n<td><span ><span >Guilherme Pugliesi<\/span><\/span><\/td>\n<td>\n                <span ><span >Impacto da suplementa&ccedil;&atilde;o de progesterona de longa a&ccedil;&atilde;o durante o diestro inicial em vacas Nelore submetidas &agrave; IATF<\/span>\n                <\/td>\n<\/tr>\n<tr>\n<td><span ><span >2015<\/span><\/span><\/td>\n<td>\n                <span ><span >Luiz F. M. Pfeifer<\/span>\n                <\/td>\n<td>\n                <span ><span >Vetscore: novo m&eacute;todo para avalia&ccedil;&atilde;o nutricional e sele&ccedil;&atilde;o de vacas de corte para IATF<\/span>\n                <\/td>\n<\/tr>\n<tr>\n<td><span ><span >2016<\/span><\/span><\/td>\n<td>\n                <span ><span >Pedro Henrique Nicolau Pinto<\/span>\n                <\/td>\n<td>\n                <span ><span >Ultrassonografia modo doppler colorido como substituta &agrave; laparoscopia na contagem de CL em ovelhas superovuladas<\/span>\n                <\/td>\n<\/tr>\n<tr>\n<td><span ><span >2017<\/span><\/span><\/td>\n<td>\n                <span ><span >Miguel Pizzolante Bottino<\/span>\n                <\/td>\n<td>\n                <span ><span >Pre-sunchronization by persistent dominant follicle induction using a progesterone device in Gnrh-based synchronization of ovulation protocols in lactatin dairy cows<\/span>\n                <\/td>\n<\/tr>\n<tr>\n<td>\n                <span ><span >2018<\/span>\n                <\/td>\n<td>\n                <span ><span >Luiz Manoel S. Sim&otilde;es <\/span>\n                <\/td>\n<td>\n                <span ><span >Efeito da administra&ccedil;&atilde;o de progesterona de curta a&ccedil;&atilde;o e do per&iacute;odo de perman&ecirc;ncia do dispositivo intravaginal de progesterona na din&acirc;mica folicular e na taxa de prenhez de novilhas<\/span>\n                <\/td>\n<\/tr>\n<tr>\n<td>\n                <span ><span >2019<\/span>\n                <\/td>\n<td>\n                <span ><span >Jeferson Ferreira da Fonseca<\/span>\n                <\/td>\n<td>\n                <span ><span >Embryo production and recovery in naturalized Brazilian ewes<\/span>\n                <\/td>\n<\/tr>\n<tr>\n<td>\n                <span ><span >2020<\/span>\n                <\/td>\n<td>\n                <span >Rodrigo Lemos Oliveira Rodrigues Alves<\/span>\n                <\/td>\n<td>\n                <span ><span >Hormonal combinations aiming to optimize fertility outcomes of Nelore cows submitted to 7-d fixed time Al protocols<\/span>\n                <\/td>\n<\/tr>\n<tr>\n<td>\n                <span ><span >2021<\/span>\n                <\/td>\n<td colspan=\"2\">\n                <span >N\u00c3O TEVE COMPETI\u00c7\u00c3O (PANDEMIA)<\/span>\n                <\/td>\n<\/tr>\n<tr>\n<td>\n                <span ><span >2022<\/span>\n                <\/td>\n<td>\n                <span >Roberta Machado Saran<\/span>\n                <\/td>\n<td>\n                <span ><span >The use of eCG diluted in D-cloprostenol reduces the number of injections required for TAI protocols in postpartum Bos indicus beef cows with same pregnancy efficiency as the convention treatment<\/span>\n                <\/td>\n<\/tr>\n<tr>\n<td>\n                <span ><span >2023<\/span>\n                <\/td>\n<td>\n                <span><span >Rodrigo Lemos Olivieri Rodrigues Alves<\/span>\n                <\/td>\n<td>\n                <span ><span >Reproductive outcomes of 11-month-old Nelore (Bos indicus) heifers submitted or not to ovulation induction protocols prior to the timed-AI protocol<\/span>\n                <\/td>\n<\/tr>\n<tr>\n<td><span ><span >2024<\/span>\n                <\/td>\n<td>\n                <span><span >La\u00eds \u00c2ngelo de Abreu<\/span>\n                <\/td>\n<td>\n                <span ><span >Contrast of low and high reproduction performance on herd composition, productivity, and carbon footprint in dairy production system<\/span>\n                <\/td>\n<\/tr>\n<tr>\n<td><span ><span >2025<\/span>\n                <\/td>\n<td>\n                <span><span >Patr\u00edcia R. Cavalcanti<\/span>\n                <\/td>\n<td>\n                <span ><span >Removal of estradiol treatment at the end of timed-artificial insemination protocols impairs the fertility of Nelore (Bos indicus) cows<\/span>\n                <\/td>\n<\/tr>\n<\/tbody>\n<\/table>\n<p><\/p>","protected":false},"excerpt":{"rendered":"<p>A inscri\u00e7\u00e3o para o melhor trabalho na &#8220;\u00c1rea B\u00e1sica&#8221;, &#8220;\u00c1rea Aplicada&#8221; e &#8220;Relato T\u00e9cnico&#8221; n\u00e3o est\u00e1 vinculada \u00e0 &#8220;Competi\u00e7\u00e3o de Estudantes&#8221;, podendo ser realizada por estudantes ou profissionais. A premia\u00e7\u00e3o na categoria &#8220;Melhor Relato T\u00e9cnico&#8221; (Relato de Caso) tem como objetivo prestigiar a compet\u00eancia, a casu\u00edstica e o poder de observa\u00e7\u00e3o dos colegas que atuam no campo, ou no laborat\u00f3rio fora das universidades ou institui\u00e7\u00f5es de pesquisa. Assim, os resumos [&hellip;]<\/p>\n","protected":false},"author":1,"featured_media":0,"parent":224,"menu_order":4,"comment_status":"closed","ping_status":"closed","template":"general_template.php","meta":{"footnotes":""},"class_list":["post-234","page","type-page","status-publish","hentry"],"acf":[],"_links":{"self":[{"href":"https:\/\/www.sbte.org.br\/en\/wp-json\/wp\/v2\/pages\/234","targetHints":{"allow":["GET"]}}],"collection":[{"href":"https:\/\/www.sbte.org.br\/en\/wp-json\/wp\/v2\/pages"}],"about":[{"href":"https:\/\/www.sbte.org.br\/en\/wp-json\/wp\/v2\/types\/page"}],"author":[{"embeddable":true,"href":"https:\/\/www.sbte.org.br\/en\/wp-json\/wp\/v2\/users\/1"}],"replies":[{"embeddable":true,"href":"https:\/\/www.sbte.org.br\/en\/wp-json\/wp\/v2\/comments?post=234"}],"version-history":[{"count":14,"href":"https:\/\/www.sbte.org.br\/en\/wp-json\/wp\/v2\/pages\/234\/revisions"}],"predecessor-version":[{"id":705,"href":"https:\/\/www.sbte.org.br\/en\/wp-json\/wp\/v2\/pages\/234\/revisions\/705"}],"up":[{"embeddable":true,"href":"https:\/\/www.sbte.org.br\/en\/wp-json\/wp\/v2\/pages\/224"}],"wp:attachment":[{"href":"https:\/\/www.sbte.org.br\/en\/wp-json\/wp\/v2\/media?parent=234"}],"curies":[{"name":"wp","href":"https:\/\/api.w.org\/{rel}","templated":true}]}}