{"id":292,"date":"2023-04-04T16:48:23","date_gmt":"2023-04-04T19:48:23","guid":{"rendered":"http:\/\/hub.aptor.software\/sbte_site\/?page_id=292"},"modified":"2026-03-27T14:34:06","modified_gmt":"2026-03-27T17:34:06","slug":"anais","status":"publish","type":"page","link":"https:\/\/www.sbte.org.br\/en\/reuniao-anual\/anais\/","title":{"rendered":"Proceedings"},"content":{"rendered":"<p class=\"qtranxs-available-languages-message qtranxs-available-languages-message-en\"><\/p><p><a style=\"text-decoration: none;\" href=\"https:\/\/www.sbte.org.br\/wp-content\/uploads\/2026\/03\/anaisxxxviiisbte2025_19_03_2026_10_43_22_id_42150.pdf\" target=\"_blank\" rel=\"noopener\"><i class=\"fas fa-2x fa-file\"><\/i> <strong style=\"padding-left: 15px;\">XXXVIII Reuni\u00e3o Anual da Sociedade Brasileira de Tecnologia de Embri\u00f5es (SBTE 2025)<\/strong><\/a><\/p>\n<p><a style=\"text-decoration: none;\" href=\"https:\/\/www.sbte.org.br\/wp-content\/uploads\/2025\/03\/anaisxxxviisbte2024_06_03_2025_10_11_17_id_41778.pdf\" target=\"_blank\" rel=\"noopener\"><i class=\"fas fa-2x fa-file\"><\/i> <strong style=\"padding-left: 15px;\">XXXVII Reuni\u00e3o Anual da Sociedade Brasileira de Tecnologia de Embri\u00f5es (SBTE 2024)<\/strong><\/a><\/p>\n<p><a style=\"text-decoration: none;\" href=\"https:\/\/www.sbte.org.br\/wp-content\/uploads\/2024\/07\/Anais_SBTE2023_0308-Brix.pdf\" target=\"_blank\" rel=\"noopener\"><i class=\"fas fa-2x fa-file\"><\/i> <strong style=\"padding-left: 15px;\">XXXVI Reuni\u00e3o Anual da Sociedade Brasileira de Tecnologia de Embri\u00f5es (SBTE 2023)<\/strong><\/a><\/p>\n<p><a style=\"text-decoration: none;\" href=\"http:\/\/www.sbte.org.br\/reuniao2022\/Anais_XXXV_Reuni%C3%A3o_Anual_SBTE_2022.pdf\" target=\"_blank\" rel=\"noopener\"><i class=\"fas fa-2x fa-file\"><\/i> <strong style=\"padding-left: 15px;\">XXXV Reuni\u00e3o Anual da Sociedade Brasileira de Tecnologia de Embri\u00f5es (SBTE 2022)<\/strong><\/a><\/p>\n<p><a style=\"text-decoration: none;\" href=\"http:\/\/www.sbte.org.br\/reuniao2020\/\/arquivos\/Anais_SBTE2020_1108.pdf\" target=\"_blank\" rel=\"noopener\"><i class=\"fas fa-2x fa-file\"><\/i> <strong style=\"padding-left: 15px;\">XXXIV Reuni\u00e3o Anual da Sociedade Brasileira de Tecnologia de Embri\u00f5es (SBTE 2020)<\/strong><\/a><\/p>\n<p><a style=\"text-decoration: none;\" href=\"https:\/\/obsbsn.hospedagemweb.net\/sig_chamados\/uploads\/Anais_SBTE_2018.pdf\" target=\"_blank\" rel=\"noopener\"><i class=\"fas fa-2x fa-file\"><\/i> <strong style=\"padding-left: 15px;\">XXXII Reuni\u00e3o Anual da Sociedade Brasileira de Tecnologia de Embri\u00f5es (SBTE 2018)<\/strong><\/a><\/p>\n<hr \/>\n<p>A vers\u00e3o ingl\u00eas dos resumos dos trabalhos cient\u00edficos submetidos, aceitos e apresentados durante as Reuni\u00f5es Anuais da SBTE, foram publicados no peri\u00f3dico\u00a0<a href=\"http:\/\/www.ufrgs.br\/actavet\/index.htm\" target=\"_blank\" rel=\"noopener\"><strong>Acta ScientiaeVeterinariae<\/strong><\/a>\u00a0e atualmente s\u00e3o publicados pela\u00a0<strong><a href=\"http:\/\/web.archive.org\/web\/20180827234109\/http:\/\/www.cbra.org.br\/portal\/index.htm\" target=\"_blank\" rel=\"noopener\">AnimalReproduction<\/a><\/strong>.<\/p>\n<p><a style=\"text-decoration: none;\" href=\"http:\/\/www.sbte.org.br\/arquivos\\anais\\Anais_SBTE_2018.pdf\" target=\"_blank\" rel=\"noopener\"><i class=\"fas fa-2x fa-file\"><\/i> <strong style=\"padding-left: 15px;\">32\u00aa Reuni\u00e3o Anual da Sociedade Brasileira de Tecnologia de Embri\u00f5es (SBTE-2018)<\/strong><\/a><\/p>\n<p><a style=\"text-decoration: none;\" href=\"https:\/\/www.sbte.org.br\/arquivos\/anais\/SBTExAETE-v14n32017.pdf\" target=\"_blank\" rel=\"noopener\"><i class=\"fas fa-2x fa-file\"><\/i> <strong style=\"padding-left: 15px;\">Proceedings Animal Reproduction XXXI Reuni\u00e3o Anual da SBTE 2017<\/strong><\/a><\/p>\n<p><a style=\"text-decoration: none;\" href=\"http:\/\/www.sbte.org.br\/arquivos\\anais\\Anais_completo_SBTE_2017_Anthony_final.pdf\" target=\"_blank\" rel=\"noopener\"><i class=\"fas fa-2x fa-file\"><\/i> <strong style=\"padding-left: 15px;\">Proceedings 2017<\/strong><\/a><\/p>\n<p><a style=\"text-decoration: none;\" href=\"http:\/\/www.sbte.org.br\/arquivos\\anais\\anais-2016.pdf\" target=\"_blank\" rel=\"noopener\"><i class=\"fas fa-2x fa-file\"><\/i> <strong style=\"padding-left: 15px;\">Proceedings 2016<\/strong><\/a><\/p>\n<p><a style=\"text-decoration: none;\" href=\"http:\/\/www.sbte.org.br\/arquivos\\anais\\ProceedingsSBTE 2015.pdf\" target=\"_blank\" rel=\"noopener\"><i class=\"fas fa-2x fa-file\"><\/i> <strong style=\"padding-left: 15px;\">Proceedings 2015<\/strong><\/a><\/p>\n<p><a style=\"text-decoration: none;\" href=\"http:\/\/www.sbte.org.br\/arquivos\\anais\\anais-2015.pdf\" target=\"_blank\" rel=\"noopener\"><i class=\"fas fa-2x fa-file\"><\/i> <strong style=\"padding-left: 15px;\">Proceedings 2015<\/strong><\/a><\/p>\n<p><a style=\"text-decoration: none;\" href=\"http:\/\/www.sbte.org.br\/arquivos\\anais\\anais-2014.pdf\" target=\"_blank\" rel=\"noopener\"><i class=\"fas fa-2x fa-file\"><\/i> <strong style=\"padding-left: 15px;\">Proceedings 2014<\/strong><\/a><\/p>\n<p><a style=\"text-decoration: none;\" href=\"http:\/\/www.sbte.org.br\/arquivos\\anais\\anais-2013.pdf\" target=\"_blank\" rel=\"noopener\"><i class=\"fas fa-2x fa-file\"><\/i> <strong style=\"padding-left: 15px;\">Proceedings 2013<\/strong><\/a><\/p>\n<p><a style=\"text-decoration: none;\" href=\"http:\/\/www.sbte.org.br\/arquivos\\anais\\anais-xxvi.pdf\" target=\"_blank\" rel=\"noopener\"><i class=\"fas fa-2x fa-file\"><\/i> <strong style=\"padding-left: 15px;\">Proceedings 2012<\/strong><\/a><\/p>\n<p><a style=\"text-decoration: none;\" href=\"http:\/\/www.ufrgs.br\/actavet\/39-suple-1\/039-s1.htm\" target=\"_blank\" rel=\"noopener\"><i class=\"fas fa-2x fa-file\"><\/i> <strong style=\"padding-left: 15px;\">Proceedings 2011<\/strong><\/a><\/p>\n<p><a style=\"text-decoration: none;\" href=\"http:\/\/www.ufrgs.br\/actavet\/SBTE.htm\" target=\"_blank\" rel=\"noopener\"><i class=\"fas fa-2x fa-file\"><\/i> <strong style=\"padding-left: 15px;\">Proceedings 2005 a 2010<\/strong><\/a><\/p>","protected":false},"excerpt":{"rendered":"<p>XXXVIII Reuni\u00e3o Anual da Sociedade Brasileira de Tecnologia de Embri\u00f5es (SBTE 2025) XXXVII Reuni\u00e3o Anual da Sociedade Brasileira de Tecnologia de Embri\u00f5es (SBTE 2024) XXXVI Reuni\u00e3o Anual da Sociedade Brasileira de Tecnologia de Embri\u00f5es (SBTE 2023) XXXV Reuni\u00e3o Anual da Sociedade Brasileira de Tecnologia de Embri\u00f5es (SBTE 2022) XXXIV Reuni\u00e3o Anual da Sociedade Brasileira de Tecnologia de Embri\u00f5es (SBTE 2020) XXXII Reuni\u00e3o Anual da Sociedade Brasileira de Tecnologia de Embri\u00f5es [&hellip;]<\/p>\n","protected":false},"author":1,"featured_media":0,"parent":294,"menu_order":1,"comment_status":"closed","ping_status":"closed","template":"general_template.php","meta":{"footnotes":""},"class_list":["post-292","page","type-page","status-publish","hentry"],"acf":[],"_links":{"self":[{"href":"https:\/\/www.sbte.org.br\/en\/wp-json\/wp\/v2\/pages\/292","targetHints":{"allow":["GET"]}}],"collection":[{"href":"https:\/\/www.sbte.org.br\/en\/wp-json\/wp\/v2\/pages"}],"about":[{"href":"https:\/\/www.sbte.org.br\/en\/wp-json\/wp\/v2\/types\/page"}],"author":[{"embeddable":true,"href":"https:\/\/www.sbte.org.br\/en\/wp-json\/wp\/v2\/users\/1"}],"replies":[{"embeddable":true,"href":"https:\/\/www.sbte.org.br\/en\/wp-json\/wp\/v2\/comments?post=292"}],"version-history":[{"count":24,"href":"https:\/\/www.sbte.org.br\/en\/wp-json\/wp\/v2\/pages\/292\/revisions"}],"predecessor-version":[{"id":697,"href":"https:\/\/www.sbte.org.br\/en\/wp-json\/wp\/v2\/pages\/292\/revisions\/697"}],"up":[{"embeddable":true,"href":"https:\/\/www.sbte.org.br\/en\/wp-json\/wp\/v2\/pages\/294"}],"wp:attachment":[{"href":"https:\/\/www.sbte.org.br\/en\/wp-json\/wp\/v2\/media?parent=292"}],"curies":[{"name":"wp","href":"https:\/\/api.w.org\/{rel}","templated":true}]}}