{"id":179,"date":"2023-03-28T11:19:21","date_gmt":"2023-03-28T14:19:21","guid":{"rendered":"http:\/\/localhost\/wordpress\/?page_id=179"},"modified":"2023-04-12T11:10:48","modified_gmt":"2023-04-12T14:10:48","slug":"sobre","status":"publish","type":"page","link":"https:\/\/www.sbte.org.br\/pb\/a-sociedade\/sobre\/","title":{"rendered":"Sobre"},"content":{"rendered":"<p><strong>A Sociedade Brasileira de Tecnologia de Embri\u00f5es (SBTE)<\/strong>, fundada em 18 de julho de 1985, em Bras\u00edlia, DF, \u00e9 uma sociedade civil, sem fins lucrativos, que congrega profissionais graduados vinculados principalmente \u00e0 \u00e1rea de tecnologia de embri\u00f5es.<\/p>\n<p>Os membros da sociedade est\u00e3o envolvidos com diversas biotecnologias reprodutivas, na pr\u00e1tica da manipula\u00e7\u00e3o e produ\u00e7\u00e3o de embri\u00f5es de bovinos, pequenos ruminantes, su\u00ednos, equinos, animais de companhia, esp\u00e9cies de laborat\u00f3rio e \u00e0s amea\u00e7adas de extin\u00e7\u00e3o. E tamb\u00e9m na pesquisa sobre transg\u00eanese, clonagem, regula\u00e7\u00e3o do desenvolvimento embrion\u00e1rio e sobreviv\u00eancia p\u00f3s-transfer\u00eancia de embri\u00f5es, bem como \u00e0s biotecnologias associadas \u00e0 produ\u00e7\u00e3o de embri\u00f5es, tais como a insemina\u00e7\u00e3o artificial, biotecnologias do s\u00eamen, ultrassonografia entre outras.<\/p>\n<p>O objetivo da SBTE \u00e9 servir como um f\u00f3rum para a troca de informa\u00e7\u00f5es entre profissionais, cientistas, educadores, criadores e estudantes, bem como entre fornecedores de materiais na \u00e1rea de biotecnologia reprodutiva. A sociedade visa estimular \u00e0 pesquisa mais eficaz, a difus\u00e3o de informa\u00e7\u00f5es cient\u00edficas e educacionais, mantendo elevados padr\u00f5es de \u00e9tica e coopera\u00e7\u00e3o com outras organiza\u00e7\u00f5es que tenham objetivos semelhantes.<\/p>\n<p>Anualmente, no m\u00eas de agosto, a SBTE promove uma reuni\u00e3o cient\u00edfica, com a participa\u00e7\u00e3o de especialistas nacionais e internacionais, onde s\u00e3o apresentados os principais avan\u00e7os nas \u00e1reas b\u00e1sica e aplicada, e no evento as palestras relacionadas a tais \u00e1reas s\u00e3o denominadas respectivamente de SBTE Ci\u00eancia e SBTE Tecnologia.<\/p>\n<p><a href=\"https:\/\/www.sbte.org.br\/wp-content\/themes\/sbte\/files\/estatuto-novo.pdf\" target=\"_blank\" rel=\"noopener\">Clique aqui para baixar o Estatuto SBTE<\/a><\/p>","protected":false},"excerpt":{"rendered":"<p>A Sociedade Brasileira de Tecnologia de Embri\u00f5es (SBTE), fundada em 18 de julho de 1985, em Bras\u00edlia, DF, \u00e9 uma sociedade civil, sem fins lucrativos, que congrega profissionais graduados vinculados principalmente \u00e0 \u00e1rea de tecnologia de embri\u00f5es. Os membros da sociedade est\u00e3o envolvidos com diversas biotecnologias reprodutivas, na pr\u00e1tica da manipula\u00e7\u00e3o e produ\u00e7\u00e3o de embri\u00f5es de bovinos, pequenos ruminantes, su\u00ednos, equinos, animais de companhia, esp\u00e9cies de laborat\u00f3rio e \u00e0s amea\u00e7adas [&hellip;]<\/p>\n","protected":false},"author":1,"featured_media":0,"parent":173,"menu_order":1,"comment_status":"closed","ping_status":"closed","template":"general_template.php","meta":{"footnotes":""},"class_list":["post-179","page","type-page","status-publish","hentry"],"acf":[],"_links":{"self":[{"href":"https:\/\/www.sbte.org.br\/pb\/wp-json\/wp\/v2\/pages\/179","targetHints":{"allow":["GET"]}}],"collection":[{"href":"https:\/\/www.sbte.org.br\/pb\/wp-json\/wp\/v2\/pages"}],"about":[{"href":"https:\/\/www.sbte.org.br\/pb\/wp-json\/wp\/v2\/types\/page"}],"author":[{"embeddable":true,"href":"https:\/\/www.sbte.org.br\/pb\/wp-json\/wp\/v2\/users\/1"}],"replies":[{"embeddable":true,"href":"https:\/\/www.sbte.org.br\/pb\/wp-json\/wp\/v2\/comments?post=179"}],"version-history":[{"count":6,"href":"https:\/\/www.sbte.org.br\/pb\/wp-json\/wp\/v2\/pages\/179\/revisions"}],"predecessor-version":[{"id":470,"href":"https:\/\/www.sbte.org.br\/pb\/wp-json\/wp\/v2\/pages\/179\/revisions\/470"}],"up":[{"embeddable":true,"href":"https:\/\/www.sbte.org.br\/pb\/wp-json\/wp\/v2\/pages\/173"}],"wp:attachment":[{"href":"https:\/\/www.sbte.org.br\/pb\/wp-json\/wp\/v2\/media?parent=179"}],"curies":[{"name":"wp","href":"https:\/\/api.w.org\/{rel}","templated":true}]}}