{"id":232,"date":"2023-03-29T15:55:50","date_gmt":"2023-03-29T18:55:50","guid":{"rendered":"http:\/\/hub.aptor.software\/sbte_site\/?page_id=232"},"modified":"2026-03-27T15:04:23","modified_gmt":"2026-03-27T18:04:23","slug":"melhor-trabalho-area-basica","status":"publish","type":"page","link":"https:\/\/www.sbte.org.br\/pb\/premiacoes\/melhor-trabalho-area-basica\/","title":{"rendered":"Melhor Trabalho &#8211; \u00c1rea B\u00e1sica"},"content":{"rendered":"<p><span>A inscri\u00e7\u00e3o para o melhor trabalho na &#8220;\u00c1rea B\u00e1sica&#8221;, &#8220;\u00c1rea Aplicada&#8221; e &#8220;Relato T\u00e9cnico&#8221; n\u00e3o est\u00e1 vinculada \u00e0 &#8220;Competi\u00e7\u00e3o de Estudantes&#8221;, podendo ser realizada por estudantes ou profissionais. A premia\u00e7\u00e3o na categoria &#8220;Melhor Relato T\u00e9cnico&#8221; (Relato de Caso) tem como objetivo prestigiar a compet\u00eancia, a casu\u00edstica e o poder de observa\u00e7\u00e3o dos colegas que atuam no campo, ou no laborat\u00f3rio fora das universidades ou institui\u00e7\u00f5es de pesquisa. Assim, os resumos inscritos nessa \u00faltima categoria n\u00e3o poder\u00e3o conter pesquisadores vinculados a universidades ou institui\u00e7\u00f5es de pesquisa na lista de autores. Para cada categoria somente uma premia\u00e7\u00e3o ser\u00e1 conferida.<\/span><\/p>\n<table class=\"table table-striped\" style=\"width: 100%; vertical-align: middle;\">\n<thead>\n<tr>\n<td><span><span><strong>Ano<\/strong><\/span><\/span><\/td>\n<td><span><span><strong>Agraciado<\/strong><\/span><\/span><\/td>\n<td><span><span><strong>Trabalho<\/strong><\/span><\/span><\/td>\n<\/tr>\n<\/thead>\n<tbody>\n<tr>\n<td><span><span>2006<\/span><\/span><\/td>\n<td><span><span>Marcella Pecora Milazzotto<\/span><\/span><\/td>\n<td><span><span>Uso de vetor lentiviral carreando shRNA para knockdown do gene da miostatina na<br \/>\n                            produ\u00e7\u00e3o\u00a0<em>in vitro<\/em>\u00a0de embri\u00f5es bovinos<\/span><\/span><\/td>\n<\/tr>\n<tr>\n<td><span><span>2007<\/span><\/span><\/td>\n<td><span><span>A. C. S. Castilho<\/span><\/span><\/td>\n<td><span><span>Regula\u00e7\u00e3o da express\u00e3o g\u00eanica do fator de crescimento fibrobl\u00e1stico 10 (FGF-10) durante<br \/>\n                            o desenvolvimento ovariano fetal bovino<\/span><\/span><\/td>\n<\/tr>\n<tr>\n<td><span><span>2008<\/span><\/span><\/td>\n<td><span><span>Fidel Ov\u00eddeo Castro<\/span><\/span><\/td>\n<td><span><span>Express\u00e3o de microRNA em embri\u00f5es bovinos elongados produzidos\u00a0<em>in vitro<\/em>\u00a0ou por<br \/>\n                            transfer\u00eancia nuclear<\/span><\/span><\/td>\n<\/tr>\n<tr>\n<td><span><span>2009<\/span><\/span><\/td>\n<td colspan=\"2\"><span><span>N\u00e3o aconteceu\u00a0<\/span><\/span><\/td>\n<\/tr>\n<tr>\n<td><span><span>2010<\/span><\/span><\/td>\n<td><span><span>Maria Clara Caldas Bussiere<\/span><\/span><\/td>\n<td><span><span>Vias e mecanismo de a\u00e7\u00e3o do \u00f3xido n\u00edtrico na integridade de membranas de espermatoz\u00f3ides<br \/>\n                            de bovinos criopreservados ap\u00f3s a capacita\u00e7\u00e3o<em>\u00a0in vitro<\/em><\/span><\/span><\/td>\n<\/tr>\n<tr>\n<td><span><span>2011<\/span><\/span><\/td>\n<td><span><span>Moana Rodrigues Fran\u00e7a<\/span><\/span><\/td>\n<td><span><span>Dimens\u00f5es, esteroidog\u00eanese e vasculariza\u00e7\u00e3o do corpo l\u00fateo bovino em resposta \u00e0<br \/>\n                            manipula\u00e7\u00e3o do crescimento pr\u00e9-ovulat\u00f3rio<\/span><\/span><\/td>\n<\/tr>\n<tr>\n<td><span><span>2012<\/span><\/span><\/td>\n<td><span><span>Fabiana Fernandes Bressan<\/span><\/span><\/td>\n<td><span><span>Produ\u00e7\u00e3o de embri\u00f5es atrav\u00e9s da reprograma\u00e7\u00e3o nuclear de c\u00e9lulas som\u00e1ticas expressando<br \/>\n                            os fatores ex\u00f3genos relacionados \u00e0 pluripot\u00eancia hoct4 e hsox2<\/span><\/span><\/td>\n<\/tr>\n<tr>\n<td><span><span>2013<\/span><\/span><\/td>\n<td><span><span>Juliano C. Silveira<\/span><\/span><\/td>\n<td><span><span>A fun\u00e7\u00e3o dos exossomos na regula\u00e7\u00e3o dos membros da fam\u00edlia tgf\u03b2 durante o<br \/>\n                            desenvolvimento folicular em equinos<\/span><\/span><\/td>\n<\/tr>\n<tr>\n<td><span><span>2014<\/span><\/span><\/td>\n<td><span><span>Clara Slade Oliveira<\/span><\/span><\/td>\n<td><span><span>Padr\u00e3o de express\u00e3o da prote\u00edna polarizante PAR6C em embri\u00f5es bovinos f\u00eameas e<br \/>\n                            machos<\/span><\/span><\/td>\n<\/tr>\n<tr>\n<td><span><span>2015<\/span><\/span><\/td>\n<td><span><span>Nath\u00e1lia Nogueira da Costa<\/span><\/span><\/td>\n<td><span><span>Efeito do cortisol e seu respectivo receptor na produ\u00e7\u00e3o in vitro de embri\u00f5es<br \/>\n                            bovinos<\/span><\/span><\/td>\n<\/tr>\n<tr>\n<td><span><span>2016<\/span><\/span><\/td>\n<td><span><span>J\u00e9ssica Ispada<\/span><\/span><\/td>\n<td><span><span>A cin\u00e9tica das primeiras clivagens influencia o padr\u00e3o de metila\u00e7\u00e3o de DNA de embri\u00f5es<br \/>\n                            bovinos<\/span><\/span><\/td>\n<\/tr>\n<tr>\n<td><span><span>2017<\/span><\/span><\/td>\n<td><span><span>Bruna Martins Garcia<\/span><\/span><\/td>\n<td><span><span>Mutant mitochondrial DNA is selectively eliminated in the mouse oocyte by<br \/>\n                            mitophagy<\/span><\/span><\/td>\n<\/tr>\n<tr>\n<td><span><span>2018<\/span><\/span><\/td>\n<td><span><span>Werner G. Glanzner<\/span><\/span><\/td>\n<td><span><span>Desregula\u00e7\u00e3o das desmetilases de histona KDM5B e KDM5C prejudica a ativa\u00e7\u00e3o,<br \/>\n                            estabilidade do genoma e o desenvolvimento embrion\u00e1rio em su\u00ednos<\/span><\/span><\/td>\n<\/tr>\n<tr>\n<td><span><span>2019<\/span><\/span><\/td>\n<td><span><span>Marcelo Demarchi Goissis<\/span><\/span><\/td>\n<td><span><span>Influence of apical domain formation on the segregation of cell lineages in early<br \/>\n                            development bovine embryos<\/span><\/span><\/td>\n<\/tr>\n<tr>\n<td><span><span>2020<\/span><\/span><\/td>\n<td><span><span>Clara Ana Santos Monteiro<\/span><\/span><\/td>\n<td><span><span>Hyperspectral and confocal imaging of cleavage stage bovine embryos can differentiate<br \/>\n                            between on-time and fast-developing embryos metabolism<\/span><\/span><\/td>\n<\/tr>\n<tr>\n<td><span><span>2021<\/span><\/span><\/td>\n<td colspan=\"2\"><span><span>N\u00c3O TEVE COMPETI\u00c7\u00c3O (PANDEMIA)<\/span><\/span><\/td>\n<\/tr>\n<tr>\n<td><span><span>2022<\/span><\/span><\/td>\n<td><span><span>Patr\u00edcia Kubo Fontes<\/span><\/span><\/td>\n<td><span><span>Magnetic 3D-cell culture as a new system to generate spheroid derived from oviductal<br \/>\n                            cells with a wide range of applications<\/span><\/span><\/td>\n<\/tr>\n<tr>\n<td><span><span>2023<\/span><\/span><\/td>\n<td><span><span>Alessandra Bridi<\/span><\/span><\/td>\n<td><span><span>A single Day-7 in vivo or in vitro derived bovine embryo modifies the endometrial<br \/>\n                            transcriptome, and the small extracellular vesicles (sEVs) secreted by them alter the miRNA<br \/>\n                            profile in luteal cells<\/span><\/span><\/td>\n<\/tr>\n<tr>\n<td><span><span>2024<\/span><\/span><\/td>\n<td><span><span>Juliano Rodrigues Sangalli<\/span><\/span><\/td>\n<td><span><span>Beta-hydroxybutyrate alters bovine preimplantation embryo development through<br \/>\n                            transcriptional and epigenetic mechanisms<\/span><\/span><\/td>\n<\/tr>\n<tr>\n<td><span><span>2025<\/span><\/span><\/td>\n<td><span><span>Isabella Rio Feltrin<\/span><\/span><\/td>\n<td><span><span>Dynamics of Interferon Signaling and Immune Regulation in the Bovine Endometrium During Successful and Failed Pregnancies<\/span><\/span><\/td>\n<\/tr>\n<\/tbody>\n<\/table>\n<p><\/p>","protected":false},"excerpt":{"rendered":"<p>A inscri\u00e7\u00e3o para o melhor trabalho na &#8220;\u00c1rea B\u00e1sica&#8221;, &#8220;\u00c1rea Aplicada&#8221; e &#8220;Relato T\u00e9cnico&#8221; n\u00e3o est\u00e1 vinculada \u00e0 &#8220;Competi\u00e7\u00e3o de Estudantes&#8221;, podendo ser realizada por estudantes ou profissionais. A premia\u00e7\u00e3o na categoria &#8220;Melhor Relato T\u00e9cnico&#8221; (Relato de Caso) tem como objetivo prestigiar a compet\u00eancia, a casu\u00edstica e o poder de observa\u00e7\u00e3o dos colegas que atuam no campo, ou no laborat\u00f3rio fora das universidades ou institui\u00e7\u00f5es de pesquisa. Assim, os resumos [&hellip;]<\/p>\n","protected":false},"author":1,"featured_media":0,"parent":224,"menu_order":4,"comment_status":"closed","ping_status":"closed","template":"general_template.php","meta":{"footnotes":""},"class_list":["post-232","page","type-page","status-publish","hentry"],"acf":[],"_links":{"self":[{"href":"https:\/\/www.sbte.org.br\/pb\/wp-json\/wp\/v2\/pages\/232","targetHints":{"allow":["GET"]}}],"collection":[{"href":"https:\/\/www.sbte.org.br\/pb\/wp-json\/wp\/v2\/pages"}],"about":[{"href":"https:\/\/www.sbte.org.br\/pb\/wp-json\/wp\/v2\/types\/page"}],"author":[{"embeddable":true,"href":"https:\/\/www.sbte.org.br\/pb\/wp-json\/wp\/v2\/users\/1"}],"replies":[{"embeddable":true,"href":"https:\/\/www.sbte.org.br\/pb\/wp-json\/wp\/v2\/comments?post=232"}],"version-history":[{"count":10,"href":"https:\/\/www.sbte.org.br\/pb\/wp-json\/wp\/v2\/pages\/232\/revisions"}],"predecessor-version":[{"id":706,"href":"https:\/\/www.sbte.org.br\/pb\/wp-json\/wp\/v2\/pages\/232\/revisions\/706"}],"up":[{"embeddable":true,"href":"https:\/\/www.sbte.org.br\/pb\/wp-json\/wp\/v2\/pages\/224"}],"wp:attachment":[{"href":"https:\/\/www.sbte.org.br\/pb\/wp-json\/wp\/v2\/media?parent=232"}],"curies":[{"name":"wp","href":"https:\/\/api.w.org\/{rel}","templated":true}]}}