{"id":236,"date":"2023-03-29T15:57:11","date_gmt":"2023-03-29T18:57:11","guid":{"rendered":"http:\/\/hub.aptor.software\/sbte_site\/?page_id=236"},"modified":"2026-03-27T15:01:12","modified_gmt":"2026-03-27T18:01:12","slug":"melhor-trabalho-relato-tecnico","status":"publish","type":"page","link":"https:\/\/www.sbte.org.br\/pb\/premiacoes\/melhor-trabalho-relato-tecnico\/","title":{"rendered":"Melhor Trabalho &#8211; Relato T\u00e9cnico"},"content":{"rendered":"<p><\/p>\n<p>\n        As inscri\u00e7\u00f5es para o melhor trabalho em &#8220;\u00c1rea B\u00e1sica&#8221;, &#8220;\u00c1rea Aplicada&#8221; e &#8220;Relat\u00f3rio T\u00e9cnico&#8221; n\u00e3o est\u00e1 ligada ao &#8220;Competi\u00e7\u00e3o de Estudantes&#8221;, podendo ser realizada por estudantes ou profissionais. A premia\u00e7\u00e3o na categoria &#8220;Melhor Relato T\u00e9cnico&#8221; (Relato de Caso) tem como objetivo prestigiar a compet\u00eancia, a casu\u00edstica e o poder de observa\u00e7\u00e3o dos colegas que atuam no campo, ou no laborat\u00f3rio fora das universidades ou institui\u00e7\u00f5es de pesquisa. Neste ano, os resumos desta categoria contam com uma novidade: eles poder\u00e3o ter profissionais vinculados a institui\u00e7\u00f5es de pesquisa\/ensino como coautores.\n    <\/p>\n<table class=\"table table-striped\" style=\"width:100%; vertical-align: middle;\">\n<thead>\n<tr>\n<td>\n                <strong>Ano<\/strong>\n                <\/td>\n<td>\n                <strong>Agraciado<\/strong>\n                <\/td>\n<td>\n                <strong>Trabalho<\/strong>\n                <\/td>\n<\/tr>\n<\/thead>\n<tbody>\n<tr>\n<td>\n                2008\n                <\/td>\n<td>\n<div>&nbsp;<\/div>\n<div>\n                Mois&eacute;s M&aacute;ximo Rodrigues Junior<\/p>\n<p>                Marcelo de Oliveira Melo\n                <\/p><\/div>\n<\/td>\n<td>\n                Efeito da suplementa&ccedil;&atilde;o mineral prot&eacute;ica com Megalac-E na taxa de prenhez em receptoras de embri&atilde;o.\n                <\/td>\n<\/tr>\n<tr>\n<td>\n                2009\n                <\/td>\n<td colspan=\"2\">\n                N&atilde;o aconteceu\n                <\/td>\n<\/tr>\n<tr>\n<td>\n                2010\n                <\/td>\n<td>\n                Michele Regina Spegiorin\n                <\/td>\n<td>\n                Avalia&ccedil;&atilde;o da taxas de gesta&ccedil;&atilde;o ap&oacute;s transfer&ecirc;ncia de embri&otilde;es bovinos produzidos&nbsp;<em>in vitro<\/em>&nbsp;e vitrificados, em diferentes ra&ccedil;as e em escala comercial.\n                <\/td>\n<\/tr>\n<tr>\n<td>\n                2011\n                <\/td>\n<td>\n                Julio Cesar Barbosa da Silva\n                <\/td>\n<td>\n                Taxas de concep&ccedil;&atilde;o de embri&otilde;es bovinos produzidos in vitro com semen convencional ou descongelado\/sexado (reverso) de touros da ra&ccedil;a Nelore.\n                <\/td>\n<\/tr>\n<tr>\n<td>\n                2012\n                <\/td>\n<td colspan=\"2\">\n                N&atilde;o aconteceu\n                <\/td>\n<\/tr>\n<tr>\n<td>\n                2013\n                <\/td>\n<td>\n                Adnan D. P. Rodrigues\n                <\/td>\n<td>\n<p>&nbsp;<\/p>\n<\/td>\n<\/tr>\n<tr>\n<td>\n                2014\n                <\/td>\n<td>\n                <span><span>Wilson Pardini Saliba\n                <\/td>\n<td>\n                Efici&ecirc;ncia da clonagem comercial de bovinos&nbsp;\n                <\/td>\n<\/tr>\n<tr>\n<td>\n                2015\n                <\/td>\n<td>\n                Bruna Lopes Cardoso\n                <\/td>\n<td>\n                Taxas de concep&ccedil;&atilde;o de embri&otilde;es bovinos produzidos in vitro, biopsiados e transferidos &agrave; fresco ou criopreservados\n                <\/td>\n<\/tr>\n<tr>\n<td>2016<\/td>\n<td><span>Marcos Henrique Colombo Pereira<\/span><\/td>\n<td>\n                <span><span>Taxa de concep&ccedil;&atilde;o, perdas de gesta&ccedil;&atilde;o e propor&ccedil;&atilde;o de f&ecirc;meas nascidas em rebanhos leiteiros, que utilizam insemina&ccedil;&atilde;o artificial ou transfer&ecirc;ncia de embri&otilde;es in vitro como t&eacute;cnica reprodutiva para vacas em lacta&ccedil;&atilde;o<\/span><\/span>\n                <\/td>\n<\/tr>\n<tr>\n<td>\n                2017\n                <\/td>\n<td>\n              <span>Ala&ocirc;r Pereira Martins J&uacute;nior<\/span>\n                <\/td>\n<td>\n                Compara&ccedil;&atilde;o de dois protocolos para aumentar a concentra&ccedil;&atilde;o de progesterona circulante antes da insemina&ccedil;&atilde;o artificial em tempo fixo em vacas leiteiras em lacta&ccedil;&atilde;o\n                <\/td>\n<\/tr>\n<tr>\n<td>\n                2018\n                <\/td>\n<td>\n                Alexandre Barbieri Prata\n                <\/td>\n<td>\n                Efici&ecirc;ncia reprodutiva de vacas nelore submetidas &agrave; protocolos de IATF a base de progesterona iniciando com benzoato de estradiol ou estradiol 17-&beta;\n                <\/td>\n<\/tr>\n<tr>\n<td>\n                2019\n                <\/td>\n<td>\n                Mateus Anastacio da Silva\n                <\/td>\n<td>\n                Adjustment of dose of long-acting progesterone during super precocious resynchromization in Nelore heifers\n                <\/td>\n<\/tr>\n<tr>\n<td>\n                2020\n                <\/td>\n<td>\n                Juliany S&aacute; de Carvalho\n                <\/td>\n<td>\n                Influ&ecirc;ncia de dias entre parto e in&iacute;cio do protocolo de IATF na taxa de prenhez de vacas de corte inseminadas em tempo fixo\n                <\/td>\n<\/tr>\n<tr>\n<td>\n                2021\n                <\/td>\n<td colspan=\"2\">\n                N\u00c3O TEVE COMPETI\u00c7\u00c3O (PANDEMIA)\n                <\/td>\n<\/tr>\n<tr>\n<td>\n                2022\n                <\/td>\n<td>\n                Alexandre Barbieri Prata\n                <\/td>\n<td>\n                What are the factors influencing the fertility of 527,093 timed-artificial insemination in Nelore beef cattle?\n                <\/td>\n<\/tr>\n<tr>\n<td>\n                2023\n                <\/td>\n<td>\n                Carlos Eduardo Cardoso Consentini\n                <\/td>\n<td>\n                Recent experimental and field results indicate key factors in improving fertility to timed-artificial insemination programs in lactating dairy cows\n                <\/td>\n<\/tr>\n<tr>\n<td>\n                2024\n                <\/td>\n<td>\n                Carlos Eduardo Cardoso Consentini\n                <\/td>\n<td>\n                Relationship among nutrition, milk production, reproduction, and performance of high-producing dairy herds.\n                <\/td>\n<\/tr>\n<tr>\n<td>2025<\/td>\n<td>Igor Garcia Motta<\/td>\n<td>Effect of PGF2\u03b1 administration (D0) and protocol length (7 vs 8 days) in 13-15 months Bos Indicus Nelore Heifers<\/td>\n<\/tr>\n<\/tbody>\n<\/table>\n<p><\/p>","protected":false},"excerpt":{"rendered":"<p>As inscri\u00e7\u00f5es para o melhor trabalho em &#8220;\u00c1rea B\u00e1sica&#8221;, &#8220;\u00c1rea Aplicada&#8221; e &#8220;Relat\u00f3rio T\u00e9cnico&#8221; n\u00e3o est\u00e1 ligada ao &#8220;Competi\u00e7\u00e3o de Estudantes&#8221;, podendo ser realizada por estudantes ou profissionais. A premia\u00e7\u00e3o na categoria &#8220;Melhor Relato T\u00e9cnico&#8221; (Relato de Caso) tem como objetivo prestigiar a compet\u00eancia, a casu\u00edstica e o poder de observa\u00e7\u00e3o dos colegas que atuam no campo, ou no laborat\u00f3rio fora das universidades ou institui\u00e7\u00f5es de pesquisa. Neste ano, os [&hellip;]<\/p>\n","protected":false},"author":1,"featured_media":0,"parent":224,"menu_order":6,"comment_status":"closed","ping_status":"closed","template":"general_template.php","meta":{"footnotes":""},"class_list":["post-236","page","type-page","status-publish","hentry"],"acf":[],"_links":{"self":[{"href":"https:\/\/www.sbte.org.br\/pb\/wp-json\/wp\/v2\/pages\/236","targetHints":{"allow":["GET"]}}],"collection":[{"href":"https:\/\/www.sbte.org.br\/pb\/wp-json\/wp\/v2\/pages"}],"about":[{"href":"https:\/\/www.sbte.org.br\/pb\/wp-json\/wp\/v2\/types\/page"}],"author":[{"embeddable":true,"href":"https:\/\/www.sbte.org.br\/pb\/wp-json\/wp\/v2\/users\/1"}],"replies":[{"embeddable":true,"href":"https:\/\/www.sbte.org.br\/pb\/wp-json\/wp\/v2\/comments?post=236"}],"version-history":[{"count":11,"href":"https:\/\/www.sbte.org.br\/pb\/wp-json\/wp\/v2\/pages\/236\/revisions"}],"predecessor-version":[{"id":704,"href":"https:\/\/www.sbte.org.br\/pb\/wp-json\/wp\/v2\/pages\/236\/revisions\/704"}],"up":[{"embeddable":true,"href":"https:\/\/www.sbte.org.br\/pb\/wp-json\/wp\/v2\/pages\/224"}],"wp:attachment":[{"href":"https:\/\/www.sbte.org.br\/pb\/wp-json\/wp\/v2\/media?parent=236"}],"curies":[{"name":"wp","href":"https:\/\/api.w.org\/{rel}","templated":true}]}}