{"id":606,"date":"2025-03-14T17:04:09","date_gmt":"2025-03-14T20:04:09","guid":{"rendered":"https:\/\/www.sbte.org.br\/?page_id=606"},"modified":"2025-03-14T17:45:01","modified_gmt":"2025-03-14T20:45:01","slug":"pioneers","status":"publish","type":"page","link":"https:\/\/www.sbte.org.br\/pb\/premiacoes\/pioneers\/","title":{"rendered":"PIONEERS"},"content":{"rendered":"<p>Esta premia\u00e7\u00e3o \u00e9 concedida ao profissional que \u00e9 pioneiro na carreira da \u00e1rea da reprodu\u00e7\u00e3o animal.<\/p>\n<table class=\"table table-striped\" style=\"width: 100%;\">\n<thead>\n<tr>\n<td style=\"vertical-align: middle;\"><strong>Ano<\/strong><\/td>\n<td style=\"vertical-align: middle;\"><strong>Premiado<\/strong><\/td>\n<\/tr>\n<\/thead>\n<tbody>\n<tr>\n<td>2024<\/td>\n<td>Prof. Dr. Jos\u00e9 Antonio Visitin<\/td>\n<\/tr>\n<\/tbody>\n<\/table>\n<p><\/p>","protected":false},"excerpt":{"rendered":"<p>Esta premia\u00e7\u00e3o \u00e9 concedida ao profissional que \u00e9 pioneiro na carreira da \u00e1rea da reprodu\u00e7\u00e3o animal. Ano Premiado 2024 Prof. Dr. Jos\u00e9 Antonio Visitin<\/p>\n","protected":false},"author":1,"featured_media":0,"parent":224,"menu_order":2,"comment_status":"closed","ping_status":"closed","template":"general_template.php","meta":{"footnotes":""},"class_list":["post-606","page","type-page","status-publish","hentry"],"acf":[],"_links":{"self":[{"href":"https:\/\/www.sbte.org.br\/pb\/wp-json\/wp\/v2\/pages\/606","targetHints":{"allow":["GET"]}}],"collection":[{"href":"https:\/\/www.sbte.org.br\/pb\/wp-json\/wp\/v2\/pages"}],"about":[{"href":"https:\/\/www.sbte.org.br\/pb\/wp-json\/wp\/v2\/types\/page"}],"author":[{"embeddable":true,"href":"https:\/\/www.sbte.org.br\/pb\/wp-json\/wp\/v2\/users\/1"}],"replies":[{"embeddable":true,"href":"https:\/\/www.sbte.org.br\/pb\/wp-json\/wp\/v2\/comments?post=606"}],"version-history":[{"count":2,"href":"https:\/\/www.sbte.org.br\/pb\/wp-json\/wp\/v2\/pages\/606\/revisions"}],"predecessor-version":[{"id":609,"href":"https:\/\/www.sbte.org.br\/pb\/wp-json\/wp\/v2\/pages\/606\/revisions\/609"}],"up":[{"embeddable":true,"href":"https:\/\/www.sbte.org.br\/pb\/wp-json\/wp\/v2\/pages\/224"}],"wp:attachment":[{"href":"https:\/\/www.sbte.org.br\/pb\/wp-json\/wp\/v2\/media?parent=606"}],"curies":[{"name":"wp","href":"https:\/\/api.w.org\/{rel}","templated":true}]}}